{"id":829,"date":"2024-10-14T09:39:07","date_gmt":"2024-10-14T09:39:07","guid":{"rendered":"https:\/\/new.samaca.com\/obras\/"},"modified":"2026-03-25T07:39:13","modified_gmt":"2026-03-25T07:39:13","slug":"realisations","status":"publish","type":"page","link":"https:\/\/samaca.com\/fr\/realisations\/","title":{"rendered":"Realisations"},"content":{"rendered":"<p>[et_pb_section fb_built=\u00a0\u00bb1&Prime; fullwidth=\u00a0\u00bbon\u00a0\u00bb _builder_version=\u00a0\u00bb4.27.0&Prime; _module_preset=\u00a0\u00bbdefault\u00a0\u00bb locked=\u00a0\u00bboff\u00a0\u00bb global_colors_info=\u00a0\u00bb{}\u00a0\u00bb][et_pb_fullwidth_image src=\u00a0\u00bbhttps:\/\/samaca.com\/wp-content\/uploads\/2026\/03\/obras-pizarra.jpg\u00a0\u00bb alt=\u00a0\u00bbobras pizarra\u00a0\u00bb title_text=\u00a0\u00bbobras-pizarra\u00a0\u00bb _builder_version=\u00a0\u00bb4.27.0&Prime; _module_preset=\u00a0\u00bbdefault\u00a0\u00bb filter_invert=\u00a0\u00bb30%\u00a0\u00bb hover_enabled=\u00a0\u00bb0&Prime; global_colors_info=\u00a0\u00bb{}\u00a0\u00bb sticky_enabled=\u00a0\u00bb0&Prime;][\/et_pb_fullwidth_image][\/et_pb_section][et_pb_section fb_built=\u00a0\u00bb1&Prime; _builder_version=\u00a0\u00bb4.27.0&Prime; _module_preset=\u00a0\u00bbdefault\u00a0\u00bb global_colors_info=\u00a0\u00bb{}\u00a0\u00bb][et_pb_row _builder_version=\u00a0\u00bb4.27.0&Prime; _module_preset=\u00a0\u00bbdefault\u00a0\u00bb global_colors_info=\u00a0\u00bb{}\u00a0\u00bb][et_pb_column type=\u00a0\u00bb4_4&Prime; _builder_version=\u00a0\u00bb4.27.0&Prime; _module_preset=\u00a0\u00bbdefault\u00a0\u00bb global_colors_info=\u00a0\u00bb{}\u00a0\u00bb][et_pb_text _builder_version=\u00a0\u00bb4.27.0&Prime; text_font=\u00a0\u00bb||||||||\u00a0\u00bb text_font_size=\u00a0\u00bb15px\u00a0\u00bb text_line_height=\u00a0\u00bb2em\u00a0\u00bb ul_font=\u00a0\u00bb||||||||\u00a0\u00bb ol_font=\u00a0\u00bb||||||||\u00a0\u00bb header_font=\u00a0\u00bbMerriweather|700|||||||\u00a0\u00bb header_text_color=\u00a0\u00bb#183c6d\u00a0\u00bb header_font_size=\u00a0\u00bb50px\u00a0\u00bb header_2_font=\u00a0\u00bbMerriweather|700|||||||\u00a0\u00bb header_2_text_color=\u00a0\u00bb#666666&Prime; header_2_font_size=\u00a0\u00bb20px\u00a0\u00bb header_2_line_height=\u00a0\u00bb1.8em\u00a0\u00bb header_3_font=\u00a0\u00bbMerriweather|700|||||||\u00a0\u00bb header_3_text_color=\u00a0\u00bb#666666&Prime; header_3_line_height=\u00a0\u00bb1.8em\u00a0\u00bb header_4_font=\u00a0\u00bb||||||||\u00a0\u00bb header_5_font=\u00a0\u00bb||||||||\u00a0\u00bb header_6_font=\u00a0\u00bb||||||||\u00a0\u00bb custom_margin=\u00a0\u00bb||30px||false|false\u00a0\u00bb custom_padding=\u00a0\u00bb||0px||false|false\u00a0\u00bb header_2_font_size_tablet=\u00a0\u00bb18px\u00a0\u00bb header_2_font_size_phone=\u00a0\u00bb20px\u00a0\u00bb header_2_font_size_last_edited=\u00a0\u00bbon|phone\u00a0\u00bb header_3_font_size_tablet=\u00a0\u00bb\u00a0\u00bb header_3_font_size_phone=\u00a0\u00bb14px\u00a0\u00bb header_3_font_size_last_edited=\u00a0\u00bbon|phone\u00a0\u00bb locked=\u00a0\u00bboff\u00a0\u00bb global_colors_info=\u00a0\u00bb{}\u00a0\u00bb]<\/p>\n<h1><strong>Galerie de projets<\/strong><\/h1>\n<h2>Inspiration et qualit\u00e9<\/h2>\n<p>[\/et_pb_text][et_pb_text _builder_version=\u00a0\u00bb4.27.0&Prime; text_font=\u00a0\u00bbMerriweather||||||||\u00a0\u00bb text_font_size=\u00a0\u00bb15px\u00a0\u00bb text_line_height=\u00a0\u00bb2em\u00a0\u00bb ul_font=\u00a0\u00bb||||||||\u00a0\u00bb ol_font=\u00a0\u00bb||||||||\u00a0\u00bb header_font=\u00a0\u00bbMerriweather|700|||||||\u00a0\u00bb header_text_color=\u00a0\u00bb#183c6d\u00a0\u00bb header_font_size=\u00a0\u00bb50px\u00a0\u00bb header_line_height=\u00a0\u00bb1.6em\u00a0\u00bb header_2_font=\u00a0\u00bbMerriweather|700|||||||\u00a0\u00bb header_2_text_color=\u00a0\u00bb#666666&Prime; header_2_font_size=\u00a0\u00bb20px\u00a0\u00bb header_2_line_height=\u00a0\u00bb1.8em\u00a0\u00bb header_3_font=\u00a0\u00bbMerriweather|700|||||||\u00a0\u00bb header_3_text_color=\u00a0\u00bb#666666&Prime; header_3_line_height=\u00a0\u00bb1.8em\u00a0\u00bb header_4_font=\u00a0\u00bb||||||||\u00a0\u00bb header_5_font=\u00a0\u00bb||||||||\u00a0\u00bb header_6_font=\u00a0\u00bb||||||||\u00a0\u00bb header_2_font_size_tablet=\u00a0\u00bb18px\u00a0\u00bb header_2_font_size_phone=\u00a0\u00bb20px\u00a0\u00bb header_2_font_size_last_edited=\u00a0\u00bbon|phone\u00a0\u00bb header_3_font_size_tablet=\u00a0\u00bb\u00a0\u00bb header_3_font_size_phone=\u00a0\u00bb14px\u00a0\u00bb header_3_font_size_last_edited=\u00a0\u00bbon|phone\u00a0\u00bb locked=\u00a0\u00bboff\u00a0\u00bb global_colors_info=\u00a0\u00bb{}\u00a0\u00bb]<\/p>\n<p>Chaque image de cette galerie raconte une histoire de d\u00e9vouement et d\u2019excellence. Nous nous engageons chaque jour \u00e0 offrir des produits qui r\u00e9pondent aux plus hauts standards de qualit\u00e9, tout en apportant une touche unique de beaut\u00e9 \u00e0 chaque projet.<\/p>\n<p>Parcourez notre galerie et d\u00e9couvrez quelques-uns des projets les plus embl\u00e9matiques et remarquables qui ont choisi notre ardoise naturelle pour se d\u00e9marquer.<\/p>\n<p>[\/et_pb_text][et_pb_gallery gallery_ids=\u00a0\u00bb620,618,616,614,612,728,730,732&Prime; posts_number=\u00a0\u00bb8&Prime; show_title_and_caption=\u00a0\u00bboff\u00a0\u00bb zoom_icon_color=\u00a0\u00bb#183c6d\u00a0\u00bb _builder_version=\u00a0\u00bb4.27.0&Prime; _module_preset=\u00a0\u00bbdefault\u00a0\u00bb pagination_text_color=\u00a0\u00bb#183c6d\u00a0\u00bb custom_padding=\u00a0\u00bb40px||60px||false|false\u00a0\u00bb global_colors_info=\u00a0\u00bb{}\u00a0\u00bb][\/et_pb_gallery][\/et_pb_column][\/et_pb_row][\/et_pb_section]<\/p>\n","protected":false},"excerpt":{"rendered":"<p>Galerie de projets Inspiration et qualit\u00e9Chaque image de cette galerie raconte une histoire de d\u00e9vouement et d\u2019excellence. Nous nous engageons chaque jour \u00e0 offrir des produits qui r\u00e9pondent aux plus hauts standards de qualit\u00e9, tout en apportant une touche unique de beaut\u00e9 \u00e0 chaque projet. Parcourez notre galerie et d\u00e9couvrez quelques-uns des projets les plus [&hellip;]<\/p>\n","protected":false},"author":1,"featured_media":0,"parent":0,"menu_order":0,"comment_status":"closed","ping_status":"closed","template":"","meta":{"_et_pb_use_builder":"on","_et_pb_old_content":"","_et_gb_content_width":"","footnotes":""},"class_list":["post-829","page","type-page","status-publish","hentry"],"yoast_head":"<!-- This site is optimized with the Yoast SEO plugin v27.6 - https:\/\/yoast.com\/product\/yoast-seo-wordpress\/ -->\n<title>Realisations - Pizarras Samaca<\/title>\n<meta name=\"robots\" content=\"index, follow, max-snippet:-1, max-image-preview:large, max-video-preview:-1\" \/>\n<link rel=\"canonical\" href=\"https:\/\/samaca.com\/fr\/realisations\/\" \/>\n<meta property=\"og:locale\" content=\"fr_FR\" \/>\n<meta property=\"og:type\" content=\"article\" \/>\n<meta property=\"og:title\" content=\"Realisations - Pizarras Samaca\" \/>\n<meta property=\"og:description\" content=\"Galerie de projets Inspiration et qualit\u00e9Chaque image de cette galerie raconte une histoire de d\u00e9vouement et d\u2019excellence. Nous nous engageons chaque jour \u00e0 offrir des produits qui r\u00e9pondent aux plus hauts standards de qualit\u00e9, tout en apportant une touche unique de beaut\u00e9 \u00e0 chaque projet. Parcourez notre galerie et d\u00e9couvrez quelques-uns des projets les plus [&hellip;]\" \/>\n<meta property=\"og:url\" content=\"https:\/\/samaca.com\/fr\/realisations\/\" \/>\n<meta property=\"og:site_name\" content=\"Pizarras Samaca\" \/>\n<meta property=\"article:modified_time\" content=\"2026-03-25T07:39:13+00:00\" \/>\n<meta name=\"twitter:card\" content=\"summary_large_image\" \/>\n<meta name=\"twitter:label1\" content=\"Dur\u00e9e de lecture estim\u00e9e\" \/>\n\t<meta name=\"twitter:data1\" content=\"2 minutes\" \/>\n<script type=\"application\/ld+json\" class=\"yoast-schema-graph\">{\"@context\":\"https:\\\/\\\/schema.org\",\"@graph\":[{\"@type\":\"WebPage\",\"@id\":\"https:\\\/\\\/samaca.com\\\/fr\\\/realisations\\\/\",\"url\":\"https:\\\/\\\/samaca.com\\\/fr\\\/realisations\\\/\",\"name\":\"Realisations - Pizarras Samaca\",\"isPartOf\":{\"@id\":\"https:\\\/\\\/samaca.com\\\/fr\\\/#website\"},\"datePublished\":\"2024-10-14T09:39:07+00:00\",\"dateModified\":\"2026-03-25T07:39:13+00:00\",\"breadcrumb\":{\"@id\":\"https:\\\/\\\/samaca.com\\\/fr\\\/realisations\\\/#breadcrumb\"},\"inLanguage\":\"fr-FR\",\"potentialAction\":[{\"@type\":\"ReadAction\",\"target\":[\"https:\\\/\\\/samaca.com\\\/fr\\\/realisations\\\/\"]}]},{\"@type\":\"BreadcrumbList\",\"@id\":\"https:\\\/\\\/samaca.com\\\/fr\\\/realisations\\\/#breadcrumb\",\"itemListElement\":[{\"@type\":\"ListItem\",\"position\":1,\"name\":\"Home\",\"item\":\"https:\\\/\\\/samaca.com\\\/fr\\\/\"},{\"@type\":\"ListItem\",\"position\":2,\"name\":\"Realisations\"}]},{\"@type\":\"WebSite\",\"@id\":\"https:\\\/\\\/samaca.com\\\/fr\\\/#website\",\"url\":\"https:\\\/\\\/samaca.com\\\/fr\\\/\",\"name\":\"Pizarras Samaca\",\"description\":\"Pizarra natural para cubiertas\",\"potentialAction\":[{\"@type\":\"SearchAction\",\"target\":{\"@type\":\"EntryPoint\",\"urlTemplate\":\"https:\\\/\\\/samaca.com\\\/fr\\\/?s={search_term_string}\"},\"query-input\":{\"@type\":\"PropertyValueSpecification\",\"valueRequired\":true,\"valueName\":\"search_term_string\"}}],\"inLanguage\":\"fr-FR\"}]}<\/script>\n<!-- \/ Yoast SEO plugin. -->","yoast_head_json":{"title":"Realisations - Pizarras Samaca","robots":{"index":"index","follow":"follow","max-snippet":"max-snippet:-1","max-image-preview":"max-image-preview:large","max-video-preview":"max-video-preview:-1"},"canonical":"https:\/\/samaca.com\/fr\/realisations\/","og_locale":"fr_FR","og_type":"article","og_title":"Realisations - Pizarras Samaca","og_description":"Galerie de projets Inspiration et qualit\u00e9Chaque image de cette galerie raconte une histoire de d\u00e9vouement et d\u2019excellence. Nous nous engageons chaque jour \u00e0 offrir des produits qui r\u00e9pondent aux plus hauts standards de qualit\u00e9, tout en apportant une touche unique de beaut\u00e9 \u00e0 chaque projet. Parcourez notre galerie et d\u00e9couvrez quelques-uns des projets les plus [&hellip;]","og_url":"https:\/\/samaca.com\/fr\/realisations\/","og_site_name":"Pizarras Samaca","article_modified_time":"2026-03-25T07:39:13+00:00","twitter_card":"summary_large_image","twitter_misc":{"Dur\u00e9e de lecture estim\u00e9e":"2 minutes"},"schema":{"@context":"https:\/\/schema.org","@graph":[{"@type":"WebPage","@id":"https:\/\/samaca.com\/fr\/realisations\/","url":"https:\/\/samaca.com\/fr\/realisations\/","name":"Realisations - Pizarras Samaca","isPartOf":{"@id":"https:\/\/samaca.com\/fr\/#website"},"datePublished":"2024-10-14T09:39:07+00:00","dateModified":"2026-03-25T07:39:13+00:00","breadcrumb":{"@id":"https:\/\/samaca.com\/fr\/realisations\/#breadcrumb"},"inLanguage":"fr-FR","potentialAction":[{"@type":"ReadAction","target":["https:\/\/samaca.com\/fr\/realisations\/"]}]},{"@type":"BreadcrumbList","@id":"https:\/\/samaca.com\/fr\/realisations\/#breadcrumb","itemListElement":[{"@type":"ListItem","position":1,"name":"Home","item":"https:\/\/samaca.com\/fr\/"},{"@type":"ListItem","position":2,"name":"Realisations"}]},{"@type":"WebSite","@id":"https:\/\/samaca.com\/fr\/#website","url":"https:\/\/samaca.com\/fr\/","name":"Pizarras Samaca","description":"Pizarra natural para cubiertas","potentialAction":[{"@type":"SearchAction","target":{"@type":"EntryPoint","urlTemplate":"https:\/\/samaca.com\/fr\/?s={search_term_string}"},"query-input":{"@type":"PropertyValueSpecification","valueRequired":true,"valueName":"search_term_string"}}],"inLanguage":"fr-FR"}]}},"_links":{"self":[{"href":"https:\/\/samaca.com\/fr\/wp-json\/wp\/v2\/pages\/829","targetHints":{"allow":["GET"]}}],"collection":[{"href":"https:\/\/samaca.com\/fr\/wp-json\/wp\/v2\/pages"}],"about":[{"href":"https:\/\/samaca.com\/fr\/wp-json\/wp\/v2\/types\/page"}],"author":[{"embeddable":true,"href":"https:\/\/samaca.com\/fr\/wp-json\/wp\/v2\/users\/1"}],"replies":[{"embeddable":true,"href":"https:\/\/samaca.com\/fr\/wp-json\/wp\/v2\/comments?post=829"}],"version-history":[{"count":4,"href":"https:\/\/samaca.com\/fr\/wp-json\/wp\/v2\/pages\/829\/revisions"}],"predecessor-version":[{"id":1377,"href":"https:\/\/samaca.com\/fr\/wp-json\/wp\/v2\/pages\/829\/revisions\/1377"}],"wp:attachment":[{"href":"https:\/\/samaca.com\/fr\/wp-json\/wp\/v2\/media?parent=829"}],"curies":[{"name":"wp","href":"https:\/\/api.w.org\/{rel}","templated":true}]}}